{"id":1679,"date":"2026-01-19T18:09:19","date_gmt":"2026-01-19T17:09:19","guid":{"rendered":"https:\/\/kambikes.fr\/?page_id=1679"},"modified":"2026-04-16T14:49:03","modified_gmt":"2026-04-16T12:49:03","slug":"nous-trouver-luc","status":"publish","type":"page","link":"https:\/\/kambikes.fr\/index.php\/nous-trouver-luc\/","title":{"rendered":"Nous trouver Luc"},"content":{"rendered":"<p>[et_pb_section fb_built=\u00a0\u00bb1&Prime; _builder_version=\u00a0\u00bb4.27.6&Prime; _module_preset=\u00a0\u00bbdefault\u00a0\u00bb background_image=\u00a0\u00bbhttps:\/\/kambikes.fr\/wp-content\/uploads\/2026\/02\/Sans-titr2e.png\u00a0\u00bb custom_padding=\u00a0\u00bb100px||251px|||\u00a0\u00bb locked=\u00a0\u00bboff\u00a0\u00bb global_colors_info=\u00a0\u00bb{}\u00a0\u00bb][et_pb_row _builder_version=\u00a0\u00bb4.27.6&Prime; _module_preset=\u00a0\u00bbdefault\u00a0\u00bb global_colors_info=\u00a0\u00bb{}\u00a0\u00bb][et_pb_column type=\u00a0\u00bb4_4&Prime; _builder_version=\u00a0\u00bb4.27.6&Prime; _module_preset=\u00a0\u00bbdefault\u00a0\u00bb global_colors_info=\u00a0\u00bb{}\u00a0\u00bb][et_pb_text _builder_version=\u00a0\u00bb4.27.6&Prime; _module_preset=\u00a0\u00bbdefault\u00a0\u00bb background_color=\u00a0\u00bbrgba(255,255,255,0.78)\u00a0\u00bb max_width=\u00a0\u00bb274px\u00a0\u00bb border_radii=\u00a0\u00bbon|50px|50px|50px|50px\u00a0\u00bb locked=\u00a0\u00bboff\u00a0\u00bb global_colors_info=\u00a0\u00bb{}\u00a0\u00bb]<\/p>\n<h2 style=\"text-align: center;\">l&rsquo;atelier<\/h2>\n<p>[\/et_pb_text][\/et_pb_column][\/et_pb_row][\/et_pb_section][et_pb_section fb_built=\u00a0\u00bb1&Prime; _builder_version=\u00a0\u00bb4.27.6&Prime; _module_preset=\u00a0\u00bbdefault\u00a0\u00bb global_colors_info=\u00a0\u00bb{}\u00a0\u00bb][et_pb_row _builder_version=\u00a0\u00bb4.27.6&Prime; _module_preset=\u00a0\u00bbdefault\u00a0\u00bb global_colors_info=\u00a0\u00bb{}\u00a0\u00bb][et_pb_column type=\u00a0\u00bb4_4&Prime; _builder_version=\u00a0\u00bb4.27.6&Prime; _module_preset=\u00a0\u00bbdefault\u00a0\u00bb global_colors_info=\u00a0\u00bb{}\u00a0\u00bb][et_pb_text _builder_version=\u00a0\u00bb4.27.6&Prime; _module_preset=\u00a0\u00bbdefault\u00a0\u00bb module_alignment=\u00a0\u00bbcenter\u00a0\u00bb global_colors_info=\u00a0\u00bb{}\u00a0\u00bb]<\/p>\n<h4 style=\"text-align: center;\"><span style=\"font-size: x-large; color: #000000; font-family: inherit; font-weight: normal;\">Vous avez envie de voir les ateliers, d\u2019essayer plusieurs mod\u00e8les ou de discuter v\u00e9lo ? Venez essayer nos mod\u00e8les et voir o\u00f9 ils naissent !<\/span><\/h4>\n<p><span style=\"font-size: x-large; color: #000000; font-family: inherit; font-weight: normal;\">Vous pouvez m\u00eame les louer jusqu\u2019\u00e0 une semaine\u2026 le tarif sera d\u00e9duit si vous d\u00e9cidez finalement de l\u2019acheter<br \/><\/span><br \/><span style=\"font-size: x-large; font-family: inherit; font-weight: normal; color: #000000;\">Notre adresse :<\/p>\n<p><\/span><span style=\"font-size: x-large; font-family: inherit; font-weight: normal; color: #0c22c9;\">8 avenue Dante<\/span><br \/><span style=\"font-size: x-large; font-family: inherit; font-weight: normal; color: #0c22c9;\">67200 Strasbourg<\/span><\/p>\n<p>[\/et_pb_text][\/et_pb_column][\/et_pb_row][et_pb_row _builder_version=\u00a0\u00bb4.27.6&Prime; _module_preset=\u00a0\u00bbdefault\u00a0\u00bb global_colors_info=\u00a0\u00bb{}\u00a0\u00bb][et_pb_column type=\u00a0\u00bb4_4&Prime; _builder_version=\u00a0\u00bb4.27.6&Prime; _module_preset=\u00a0\u00bbdefault\u00a0\u00bb global_colors_info=\u00a0\u00bb{}\u00a0\u00bb][et_pb_image src=\u00a0\u00bbhttps:\/\/kambikes.fr\/wp-content\/uploads\/2026\/04\/adresse-maps-pepiniere.jpg\u00a0\u00bb title_text=\u00a0\u00bbadresse maps pepiniere\u00a0\u00bb align=\u00a0\u00bbcenter\u00a0\u00bb _builder_version=\u00a0\u00bb4.27.6&Prime; _module_preset=\u00a0\u00bbdefault\u00a0\u00bb global_colors_info=\u00a0\u00bb{}\u00a0\u00bb][\/et_pb_image][\/et_pb_column][\/et_pb_row][\/et_pb_section][et_pb_section fb_built=\u00a0\u00bb1&Prime; _builder_version=\u00a0\u00bb4.27.6&Prime; _module_preset=\u00a0\u00bbdefault\u00a0\u00bb background_image=\u00a0\u00bbhttps:\/\/kambikes.fr\/wp-content\/uploads\/2026\/03\/PRESENTOIR-VITRINE-VELOS.jpg\u00a0\u00bb custom_padding=\u00a0\u00bb103px||327px|||\u00a0\u00bb global_colors_info=\u00a0\u00bb{}\u00a0\u00bb][et_pb_row _builder_version=\u00a0\u00bb4.27.6&Prime; _module_preset=\u00a0\u00bbdefault\u00a0\u00bb global_colors_info=\u00a0\u00bb{}\u00a0\u00bb][et_pb_column type=\u00a0\u00bb4_4&Prime; _builder_version=\u00a0\u00bb4.27.6&Prime; _module_preset=\u00a0\u00bbdefault\u00a0\u00bb global_colors_info=\u00a0\u00bb{}\u00a0\u00bb][et_pb_text _builder_version=\u00a0\u00bb4.27.6&Prime; _module_preset=\u00a0\u00bbdefault\u00a0\u00bb background_color=\u00a0\u00bbrgba(255,255,255,0.79)\u00a0\u00bb max_width=\u00a0\u00bb472px\u00a0\u00bb border_radii=\u00a0\u00bbon|50px|50px|50px|50px\u00a0\u00bb locked=\u00a0\u00bboff\u00a0\u00bb global_colors_info=\u00a0\u00bb{}\u00a0\u00bb]<\/p>\n<h2 style=\"text-align: center;\">Nos revendeurs<\/h2>\n<p>[\/et_pb_text][\/et_pb_column][\/et_pb_row][\/et_pb_section][et_pb_section fb_built=\u00a0\u00bb1&Prime; _builder_version=\u00a0\u00bb4.27.6&Prime; _module_preset=\u00a0\u00bbdefault\u00a0\u00bb global_colors_info=\u00a0\u00bb{}\u00a0\u00bb][et_pb_row column_structure=\u00a0\u00bb1_3,1_3,1_3&Prime; _builder_version=\u00a0\u00bb4.27.6&Prime; _module_preset=\u00a0\u00bbdefault\u00a0\u00bb global_colors_info=\u00a0\u00bb{}\u00a0\u00bb][et_pb_column type=\u00a0\u00bb1_3&Prime; _builder_version=\u00a0\u00bb4.27.6&Prime; _module_preset=\u00a0\u00bbdefault\u00a0\u00bb global_colors_info=\u00a0\u00bb{}\u00a0\u00bb][et_pb_blurb title=\u00a0\u00bbCitizenBikes\u00a0\u00bb image=\u00a0\u00bbhttps:\/\/kambikes.fr\/wp-content\/uploads\/2026\/03\/1-1.png\u00a0\u00bb _builder_version=\u00a0\u00bb4.27.6&Prime; _module_preset=\u00a0\u00bbdefault\u00a0\u00bb hover_enabled=\u00a0\u00bb0&Prime; global_colors_info=\u00a0\u00bb{}\u00a0\u00bb link_option_url=\u00a0\u00bbhttps:\/\/www.cityzen-bike.com\/\u00a0\u00bb sticky_enabled=\u00a0\u00bb0&Prime;]<\/p>\n<p style=\"text-align: justify;\"><span style=\"color: #000000;\">Fond\u00e9e en 2008,\u00a0<strong>CityzenBike<\/strong>\u00a0est implant\u00e9e \u00e0 seulement\u00a0<strong>2 minutes de la Gare<\/strong>\u00a0et du centre-ville, le long de la ligne de tram C, au\u00a0<strong>4 rue du Faubourg de Saverne<\/strong> \u00e0 Strasbourg. Notre boutique se sp\u00e9cialise dans la vente de v\u00e9los neufs, ainsi que dans une s\u00e9lection minutieuse de pi\u00e8ces et accessoires v\u00e9lo de qualit\u00e9. <strong>Notre engagement \u00e9cologique<\/strong>\u00a0se manifeste \u00e0 travers nos pratiques de gestion des d\u00e9chets, notamment le recyclage de cartons et d&#8217;emballages plastiques, la collecte de pneus et de chambres \u00e0 air pour des initiatives artistiques et de surcyclage (gr\u00e2ce notamment \u00e0 notre coll\u00e8gue St\u00e9phanie qui donne une seconde vie \u00e0 une partie de nos d\u00e9chets avec\u00a0<a href=\"https:\/\/re-cycle-on.fr\/\" target=\"_blank\" rel=\"noopener\" style=\"color: #000000;\"><strong>Re-Cycle-On<\/strong><\/a>), ainsi que notre adh\u00e9sion \u00e0 Corepile pour le recyclage des piles et batteries.<\/span><\/p>\n<p style=\"text-align: center;\"><span style=\"color: #0c71c3;\"><\/span><\/p>\n<p style=\"text-align: center;\"><span style=\"color: #190eef;\">4 Rue du faubourg de Saverne,<\/span><\/p>\n<p style=\"text-align: center;\"><span style=\"color: #190eef;\">67000 Strasbourg<\/span><\/p>\n<p>.<\/p>\n<p>[\/et_pb_blurb][\/et_pb_column][et_pb_column type=\u00a0\u00bb1_3&Prime; _builder_version=\u00a0\u00bb4.27.6&Prime; _module_preset=\u00a0\u00bbdefault\u00a0\u00bb global_colors_info=\u00a0\u00bb{}\u00a0\u00bb][et_pb_blurb title=\u00a0\u00bbAlsace Velo Passion\u00a0\u00bb image=\u00a0\u00bbhttps:\/\/kambikes.fr\/wp-content\/uploads\/2026\/03\/2.png\u00a0\u00bb _builder_version=\u00a0\u00bb4.27.6&Prime; _module_preset=\u00a0\u00bbdefault\u00a0\u00bb hover_enabled=\u00a0\u00bb0&Prime; global_colors_info=\u00a0\u00bb{}\u00a0\u00bb link_option_url=\u00a0\u00bbhttps:\/\/alsacevelopassion.fr\/\u00a0\u00bb sticky_enabled=\u00a0\u00bb0&Prime;]<\/p>\n<p style=\"text-align: justify;\"><span style=\"color: #000000;\"><\/span><\/p>\n<p style=\"text-align: justify;\"><span style=\"color: #000000;\">Alsace V\u00e9lo Passion est le <strong>plus grand magasin de v\u00e9lo \u00e9lectrique d&rsquo;Alsace<\/strong>. Avec le plus grand parc de v\u00e9los test de la r\u00e9gion, nous vous offrons la possibilit\u00e9 d&rsquo;essayer votre futur v\u00e9lo sur l&rsquo;un de nos circuits test.<\/span><\/p>\n<p style=\"text-align: justify;\"><span style=\"color: #000000;\">Retrouvez Kambikes dans l&rsquo;un des <strong>2 magasins<\/strong><\/span><\/p>\n<p style=\"text-align: justify;\"><span style=\"color: #000000;\"><strong><\/strong><\/span><\/p>\n<p style=\"text-align: center;\"><span style=\"color: #190eef;\"><em>1 rue des Soeurs<\/em><\/span><\/p>\n<p style=\"text-align: center;\"><span style=\"color: #190eef;\"><em>67000 Strasbourg<\/em><\/span><\/p>\n<p style=\"text-align: center;\"><span style=\"color: #190eef;\"><em>100 m2 d\u2019expo<\/em><\/span><\/p>\n<p style=\"text-align: center;\"><span style=\"color: #190eef;\">Au c\u0153ur de Strasbourg<\/span><\/p>\n<p style=\"text-align: justify;\">.<\/p>\n<p>[\/et_pb_blurb][\/et_pb_column][et_pb_column type=\u00a0\u00bb1_3&Prime; _builder_version=\u00a0\u00bb4.27.6&Prime; _module_preset=\u00a0\u00bbdefault\u00a0\u00bb global_colors_info=\u00a0\u00bb{}\u00a0\u00bb][et_pb_blurb title=\u00a0\u00bbTendance Cycles\u00a0\u00bb image=\u00a0\u00bbhttps:\/\/kambikes.fr\/wp-content\/uploads\/2026\/03\/3.png\u00a0\u00bb _builder_version=\u00a0\u00bb4.27.6&Prime; _module_preset=\u00a0\u00bbdefault\u00a0\u00bb custom_padding=\u00a0\u00bb||0px|||\u00a0\u00bb hover_enabled=\u00a0\u00bb0&Prime; locked=\u00a0\u00bboff\u00a0\u00bb global_colors_info=\u00a0\u00bb{}\u00a0\u00bb link_option_url=\u00a0\u00bbhttps:\/\/www.tendancecycles.com\/\u00a0\u00bb sticky_enabled=\u00a0\u00bb0&Prime;]<\/p>\n<p style=\"text-align: justify;\"><span style=\"color: #000000;\"><strong>Fond\u00e9 par deux passionn\u00e9s en 2010<\/strong>, Tendance Cycles vous accompagne dans vos achats, entretiens et r\u00e9parations de v\u00e9los en tous genres. Notre \u00e9quipe de 6 personnes se mobilise pour vous satisfaire dans <strong>les plus brefs d\u00e9lais<\/strong>.<\/span><\/p>\n<p style=\"text-align: center;\"><span style=\"color: #190eef;\">\u00a0<\/span><\/p>\n<p style=\"text-align: center;\"><span style=\"color: #190eef;\">7 Avenue d\u2019Alsace,<\/span><\/p>\n<p style=\"text-align: center;\"><span style=\"color: #190eef;\">67000 Strasbourg<\/span><\/p>\n<p>[\/et_pb_blurb][\/et_pb_column][\/et_pb_row][et_pb_row _builder_version=\u00a0\u00bb4.27.6&Prime; _module_preset=\u00a0\u00bbdefault\u00a0\u00bb global_colors_info=\u00a0\u00bb{}\u00a0\u00bb][et_pb_column type=\u00a0\u00bb4_4&Prime; _builder_version=\u00a0\u00bb4.27.6&Prime; _module_preset=\u00a0\u00bbdefault\u00a0\u00bb global_colors_info=\u00a0\u00bb{}\u00a0\u00bb][\/et_pb_column][\/et_pb_row][\/et_pb_section]<\/p>\n","protected":false},"excerpt":{"rendered":"<p>l&rsquo;atelierVous avez envie de voir les ateliers, d\u2019essayer plusieurs mod\u00e8les ou de discuter v\u00e9lo ? Venez essayer nos mod\u00e8les et voir o\u00f9 ils naissent ! Vous pouvez m\u00eame les louer jusqu\u2019\u00e0 une semaine\u2026 le tarif sera d\u00e9duit si vous d\u00e9cidez finalement de l\u2019acheterNotre adresse :8 avenue Dante67200 StrasbourgNos revendeursFond\u00e9e en 2008,\u00a0CityzenBike\u00a0est implant\u00e9e \u00e0 seulement\u00a02 minutes [&hellip;]<\/p>\n","protected":false},"author":4,"featured_media":0,"parent":0,"menu_order":0,"comment_status":"closed","ping_status":"closed","template":"","meta":{"_et_pb_use_builder":"on","_et_pb_old_content":"","_et_gb_content_width":"","_monsterinsights_skip_tracking":false,"_monsterinsights_sitenote_active":false,"_monsterinsights_sitenote_note":"","_monsterinsights_sitenote_category":0,"footnotes":""},"class_list":["post-1679","page","type-page","status-publish","hentry"],"yoast_head":"<!-- This site is optimized with the Yoast SEO plugin v27.4 - https:\/\/yoast.com\/product\/yoast-seo-wordpress\/ -->\n<title>Nous trouver Luc - Kambikes<\/title>\n<meta name=\"description\" content=\"%\" \/>\n<meta name=\"robots\" content=\"index, follow, max-snippet:-1, max-image-preview:large, max-video-preview:-1\" \/>\n<link rel=\"canonical\" href=\"https:\/\/kambikes.fr\/index.php\/nous-trouver-luc\/\" \/>\n<meta property=\"og:locale\" content=\"fr_FR\" \/>\n<meta property=\"og:type\" content=\"article\" \/>\n<meta property=\"og:title\" content=\"Nous trouver Luc - Kambikes\" \/>\n<meta property=\"og:description\" content=\"%\" \/>\n<meta property=\"og:url\" content=\"https:\/\/kambikes.fr\/index.php\/nous-trouver-luc\/\" \/>\n<meta property=\"og:site_name\" content=\"Kambikes\" \/>\n<meta property=\"article:publisher\" content=\"https:\/\/www.facebook.com\/Kambikes-1998969236892658\/\" \/>\n<meta property=\"article:modified_time\" content=\"2026-04-16T12:49:03+00:00\" \/>\n<meta name=\"twitter:card\" content=\"summary_large_image\" \/>\n<meta name=\"twitter:label1\" content=\"Dur\u00e9e de lecture estim\u00e9e\" \/>\n\t<meta name=\"twitter:data1\" content=\"4 minutes\" \/>\n<script type=\"application\/ld+json\" class=\"yoast-schema-graph\">{\"@context\":\"https:\\\/\\\/schema.org\",\"@graph\":[{\"@type\":\"WebPage\",\"@id\":\"https:\\\/\\\/kambikes.fr\\\/index.php\\\/nous-trouver-luc\\\/\",\"url\":\"https:\\\/\\\/kambikes.fr\\\/index.php\\\/nous-trouver-luc\\\/\",\"name\":\"Nous trouver Luc - Kambikes\",\"isPartOf\":{\"@id\":\"https:\\\/\\\/kambikes.fr\\\/#website\"},\"datePublished\":\"2026-01-19T17:09:19+00:00\",\"dateModified\":\"2026-04-16T12:49:03+00:00\",\"description\":\"%\",\"breadcrumb\":{\"@id\":\"https:\\\/\\\/kambikes.fr\\\/index.php\\\/nous-trouver-luc\\\/#breadcrumb\"},\"inLanguage\":\"fr-FR\",\"potentialAction\":[{\"@type\":\"ReadAction\",\"target\":[\"https:\\\/\\\/kambikes.fr\\\/index.php\\\/nous-trouver-luc\\\/\"]}]},{\"@type\":\"BreadcrumbList\",\"@id\":\"https:\\\/\\\/kambikes.fr\\\/index.php\\\/nous-trouver-luc\\\/#breadcrumb\",\"itemListElement\":[{\"@type\":\"ListItem\",\"position\":1,\"name\":\"Accueil\",\"item\":\"https:\\\/\\\/kambikes.fr\\\/\"},{\"@type\":\"ListItem\",\"position\":2,\"name\":\"Nous trouver Luc\"}]},{\"@type\":\"WebSite\",\"@id\":\"https:\\\/\\\/kambikes.fr\\\/#website\",\"url\":\"https:\\\/\\\/kambikes.fr\\\/\",\"name\":\"Kambikes\",\"description\":\"Le v\u00e9lo cargo alsaco made in france\",\"publisher\":{\"@id\":\"https:\\\/\\\/kambikes.fr\\\/#organization\"},\"potentialAction\":[{\"@type\":\"SearchAction\",\"target\":{\"@type\":\"EntryPoint\",\"urlTemplate\":\"https:\\\/\\\/kambikes.fr\\\/?s={search_term_string}\"},\"query-input\":{\"@type\":\"PropertyValueSpecification\",\"valueRequired\":true,\"valueName\":\"search_term_string\"}}],\"inLanguage\":\"fr-FR\"},{\"@type\":\"Organization\",\"@id\":\"https:\\\/\\\/kambikes.fr\\\/#organization\",\"name\":\"KamBikes\",\"url\":\"https:\\\/\\\/kambikes.fr\\\/\",\"logo\":{\"@type\":\"ImageObject\",\"inLanguage\":\"fr-FR\",\"@id\":\"https:\\\/\\\/kambikes.fr\\\/#\\\/schema\\\/logo\\\/image\\\/\",\"url\":\"https:\\\/\\\/kambikes.fr\\\/wp-content\\\/uploads\\\/2022\\\/02\\\/Kambikes-logo1.png\",\"contentUrl\":\"https:\\\/\\\/kambikes.fr\\\/wp-content\\\/uploads\\\/2022\\\/02\\\/Kambikes-logo1.png\",\"width\":1047,\"height\":1012,\"caption\":\"KamBikes\"},\"image\":{\"@id\":\"https:\\\/\\\/kambikes.fr\\\/#\\\/schema\\\/logo\\\/image\\\/\"},\"sameAs\":[\"https:\\\/\\\/www.facebook.com\\\/Kambikes-1998969236892658\\\/\",\"https:\\\/\\\/www.instagram.com\\\/kambikes_le_velo_alsaco\\\/\"]}]}<\/script>\n<!-- \/ Yoast SEO plugin. -->","yoast_head_json":{"title":"Nous trouver Luc - Kambikes","description":"%","robots":{"index":"index","follow":"follow","max-snippet":"max-snippet:-1","max-image-preview":"max-image-preview:large","max-video-preview":"max-video-preview:-1"},"canonical":"https:\/\/kambikes.fr\/index.php\/nous-trouver-luc\/","og_locale":"fr_FR","og_type":"article","og_title":"Nous trouver Luc - Kambikes","og_description":"%","og_url":"https:\/\/kambikes.fr\/index.php\/nous-trouver-luc\/","og_site_name":"Kambikes","article_publisher":"https:\/\/www.facebook.com\/Kambikes-1998969236892658\/","article_modified_time":"2026-04-16T12:49:03+00:00","twitter_card":"summary_large_image","twitter_misc":{"Dur\u00e9e de lecture estim\u00e9e":"4 minutes"},"schema":{"@context":"https:\/\/schema.org","@graph":[{"@type":"WebPage","@id":"https:\/\/kambikes.fr\/index.php\/nous-trouver-luc\/","url":"https:\/\/kambikes.fr\/index.php\/nous-trouver-luc\/","name":"Nous trouver Luc - Kambikes","isPartOf":{"@id":"https:\/\/kambikes.fr\/#website"},"datePublished":"2026-01-19T17:09:19+00:00","dateModified":"2026-04-16T12:49:03+00:00","description":"%","breadcrumb":{"@id":"https:\/\/kambikes.fr\/index.php\/nous-trouver-luc\/#breadcrumb"},"inLanguage":"fr-FR","potentialAction":[{"@type":"ReadAction","target":["https:\/\/kambikes.fr\/index.php\/nous-trouver-luc\/"]}]},{"@type":"BreadcrumbList","@id":"https:\/\/kambikes.fr\/index.php\/nous-trouver-luc\/#breadcrumb","itemListElement":[{"@type":"ListItem","position":1,"name":"Accueil","item":"https:\/\/kambikes.fr\/"},{"@type":"ListItem","position":2,"name":"Nous trouver Luc"}]},{"@type":"WebSite","@id":"https:\/\/kambikes.fr\/#website","url":"https:\/\/kambikes.fr\/","name":"Kambikes","description":"Le v\u00e9lo cargo alsaco made in france","publisher":{"@id":"https:\/\/kambikes.fr\/#organization"},"potentialAction":[{"@type":"SearchAction","target":{"@type":"EntryPoint","urlTemplate":"https:\/\/kambikes.fr\/?s={search_term_string}"},"query-input":{"@type":"PropertyValueSpecification","valueRequired":true,"valueName":"search_term_string"}}],"inLanguage":"fr-FR"},{"@type":"Organization","@id":"https:\/\/kambikes.fr\/#organization","name":"KamBikes","url":"https:\/\/kambikes.fr\/","logo":{"@type":"ImageObject","inLanguage":"fr-FR","@id":"https:\/\/kambikes.fr\/#\/schema\/logo\/image\/","url":"https:\/\/kambikes.fr\/wp-content\/uploads\/2022\/02\/Kambikes-logo1.png","contentUrl":"https:\/\/kambikes.fr\/wp-content\/uploads\/2022\/02\/Kambikes-logo1.png","width":1047,"height":1012,"caption":"KamBikes"},"image":{"@id":"https:\/\/kambikes.fr\/#\/schema\/logo\/image\/"},"sameAs":["https:\/\/www.facebook.com\/Kambikes-1998969236892658\/","https:\/\/www.instagram.com\/kambikes_le_velo_alsaco\/"]}]}},"jetpack_sharing_enabled":true,"_links":{"self":[{"href":"https:\/\/kambikes.fr\/index.php\/wp-json\/wp\/v2\/pages\/1679","targetHints":{"allow":["GET"]}}],"collection":[{"href":"https:\/\/kambikes.fr\/index.php\/wp-json\/wp\/v2\/pages"}],"about":[{"href":"https:\/\/kambikes.fr\/index.php\/wp-json\/wp\/v2\/types\/page"}],"author":[{"embeddable":true,"href":"https:\/\/kambikes.fr\/index.php\/wp-json\/wp\/v2\/users\/4"}],"replies":[{"embeddable":true,"href":"https:\/\/kambikes.fr\/index.php\/wp-json\/wp\/v2\/comments?post=1679"}],"version-history":[{"count":27,"href":"https:\/\/kambikes.fr\/index.php\/wp-json\/wp\/v2\/pages\/1679\/revisions"}],"predecessor-version":[{"id":3521,"href":"https:\/\/kambikes.fr\/index.php\/wp-json\/wp\/v2\/pages\/1679\/revisions\/3521"}],"wp:attachment":[{"href":"https:\/\/kambikes.fr\/index.php\/wp-json\/wp\/v2\/media?parent=1679"}],"curies":[{"name":"wp","href":"https:\/\/api.w.org\/{rel}","templated":true}]}}